{"id":65,"date":"2024-08-20T17:22:33","date_gmt":"2024-08-20T15:22:33","guid":{"rendered":"https:\/\/melodic-motion.dance\/?page_id=65"},"modified":"2025-12-17T14:11:53","modified_gmt":"2025-12-17T13:11:53","slug":"cours-particuliers","status":"publish","type":"page","link":"https:\/\/melodic-motion.dance\/index.php\/cours-particuliers\/","title":{"rendered":"Cours particuliers"},"content":{"rendered":"\n<div class=\"wp-block-columns white-column is-layout-flex wp-container-core-columns-is-layout-1 wp-block-columns-is-layout-flex\">\n<div class=\"wp-block-column is-layout-flow wp-block-column-is-layout-flow\" style=\"flex-basis:66.66%\">\n<div class=\"wp-block-buttons is-layout-flex wp-block-buttons-is-layout-flex\">\n<div class=\"wp-block-button is-style-fill\"><a class=\"wp-block-button__link wp-element-button\" href=\"https:\/\/calendar.app.google\/eqU8xz8R2V1nBENa8\">R\u00e9servation en ligne<\/a><\/div>\n<\/div>\n\n\n\n<h5 class=\"wp-block-heading\">Pourquoi des cours particuliers ?<\/h5>\n\n\n\n<p>Les cours particuliers sont l&rsquo;occasion de se focaliser sur vous et sur votre danse. <br>Voici des exemples d&rsquo;objectifs de cours possibles :<br> &#8211; Faire un bilan sur votre danse et trouver comment progresser<br> &#8211; Passer le cap d&rsquo;une difficult\u00e9 r\u00e9currente<br> &#8211; Reprendre les bases de votre West Coast Swing apr\u00e8s une pause ou avant la rentr\u00e9e<br> &#8211; Am\u00e9liorer votre exp\u00e9rience en danse sociale en boostant votre confiance et votre autonomie<\/p>\n\n\n\n<h5 class=\"wp-block-heading\">Un coach pour vous<\/h5>\n\n\n\n<p>Julien sera votre professeur pour les cours particuliers. Il apportera un regard ext\u00e9rieur et bienveillant sur votre danse pour vous aider \u00e0 progresser dans les meilleures conditions.<br>\u00c9tant coach professionnel certifi\u00e9, il vous apportera des cl\u00e9s pour nourrir votre passion pour la danse.<br>Enfin, quel que soit votre r\u00f4le, leader ou follower, Julien sera \u00e0 m\u00eame de vous accompagner gr\u00e2ce \u00e0 sa connaissance et son exp\u00e9rience dans les deux r\u00f4les.<\/p>\n\n\n\n<h5 class=\"wp-block-heading\">Les tarifs<\/h5>\n\n\n\n<p class=\"has-text-align-left has-small-font-size\"><strong><mark style=\"background-color:rgba(0, 0, 0, 0)\" class=\"has-inline-color has-accent-color\">S\u00e9ance individuelle <\/mark><\/strong><br><em>40\u20ac\/heure<\/em><br><mark style=\"background-color:rgba(0, 0, 0, 0)\" class=\"has-inline-color has-accent-color\"><strong>S\u00e9ance en couple <\/strong><\/mark><br>50\u20ac\/heure<br><mark style=\"background-color:rgba(0, 0, 0, 0)\" class=\"has-inline-color has-accent-color\"><strong>Session de coaching (6 s\u00e9ances d&rsquo;une heure)<\/strong><\/mark><br>Forfait 220\u20ac (couple ou individuel)<br><mark style=\"background-color:rgba(0, 0, 0, 0)\" class=\"has-inline-color has-accent-color\"><strong>Cours collectifs \u00e0 la demande<\/strong><\/mark><br>40\u20ac\/heure + 10\u20ac\/heure par participant<br><br><em>Pour les cours collectifs, si n\u00e9cessaire la r\u00e9servation d&rsquo;une salle est en suppl\u00e9ment<\/em><\/p>\n\n\n\n<div class=\"wp-block-buttons is-layout-flex wp-block-buttons-is-layout-flex\">\n<div class=\"wp-block-button is-style-fill\"><a class=\"wp-block-button__link wp-element-button\" href=\"https:\/\/calendar.app.google\/eqU8xz8R2V1nBENa8\">R\u00e9servation en ligne<\/a><\/div>\n<\/div>\n\n\n\n<p class=\"has-text-align-left has-small-font-size\"><br><\/p>\n<\/div>\n\n\n\n<div class=\"wp-block-column is-layout-flow wp-block-column-is-layout-flow\" style=\"flex-basis:33.33%\"><div class=\"wp-block-image\">\n<figure class=\"alignright size-large is-resized\"><img loading=\"lazy\" decoding=\"async\" width=\"212\" height=\"1024\" src=\"https:\/\/melodic-motion.dance\/wp-content\/uploads\/2024\/08\/solo_ju_right-212x1024.png\" alt=\"\" class=\"wp-image-133\" style=\"width:103px;height:auto\" srcset=\"https:\/\/melodic-motion.dance\/wp-content\/uploads\/2024\/08\/solo_ju_right-212x1024.png 212w, https:\/\/melodic-motion.dance\/wp-content\/uploads\/2024\/08\/solo_ju_right-62x300.png 62w, https:\/\/melodic-motion.dance\/wp-content\/uploads\/2024\/08\/solo_ju_right-318x1536.png 318w, https:\/\/melodic-motion.dance\/wp-content\/uploads\/2024\/08\/solo_ju_right-424x2048.png 424w, https:\/\/melodic-motion.dance\/wp-content\/uploads\/2024\/08\/solo_ju_right.png 615w\" sizes=\"(max-width: 212px) 100vw, 212px\" \/><\/figure><\/div><\/div>\n<\/div>\n","protected":false},"excerpt":{"rendered":"<p>Pourquoi des cours particuliers ? Les cours particuliers sont l&rsquo;occasion de se focaliser sur vous et sur votre danse. Voici des exemples d&rsquo;objectifs de cours possibles : &#8211; Faire un [&hellip;]<\/p>\n","protected":false},"author":1,"featured_media":0,"parent":0,"menu_order":0,"comment_status":"closed","ping_status":"closed","template":"","meta":{"_price":"","_stock":"","_tribe_ticket_header":"","_tribe_default_ticket_provider":"","_tribe_ticket_capacity":"0","_ticket_start_date":"","_ticket_end_date":"","_tribe_ticket_show_description":"","_tribe_ticket_show_not_going":false,"_tribe_ticket_use_global_stock":"","_tribe_ticket_global_stock_level":"","_global_stock_mode":"","_global_stock_cap":"","_tribe_rsvp_for_event":"","_tribe_ticket_going_count":"","_tribe_ticket_not_going_count":"","_tribe_tickets_list":"[]","_tribe_ticket_has_attendee_info_fields":false,"footnotes":"[]"},"class_list":["post-65","page","type-page","status-publish","hentry"],"yoast_head":"<!-- This site is optimized with the Yoast SEO plugin v23.7 - https:\/\/yoast.com\/wordpress\/plugins\/seo\/ -->\n<title>Cours particuliers - Melodic Motion<\/title>\n<meta name=\"robots\" content=\"index, follow, max-snippet:-1, max-image-preview:large, max-video-preview:-1\" \/>\n<link rel=\"canonical\" href=\"https:\/\/melodic-motion.dance\/index.php\/cours-particuliers\/\" \/>\n<meta property=\"og:locale\" content=\"fr_FR\" \/>\n<meta property=\"og:type\" content=\"article\" \/>\n<meta property=\"og:title\" content=\"Cours particuliers - Melodic Motion\" \/>\n<meta property=\"og:description\" content=\"Pourquoi des cours particuliers ? Les cours particuliers sont l&rsquo;occasion de se focaliser sur vous et sur votre danse. Voici des exemples d&rsquo;objectifs de cours possibles : &#8211; Faire un [&hellip;]\" \/>\n<meta property=\"og:url\" content=\"https:\/\/melodic-motion.dance\/index.php\/cours-particuliers\/\" \/>\n<meta property=\"og:site_name\" content=\"Melodic Motion\" \/>\n<meta property=\"article:publisher\" content=\"https:\/\/www.facebook.com\/profile.php?id=61564964854249\" \/>\n<meta property=\"article:modified_time\" content=\"2025-12-17T13:11:53+00:00\" \/>\n<meta property=\"og:image\" content=\"https:\/\/melodic-motion.dance\/wp-content\/uploads\/2024\/08\/solo_ju_right.png\" \/>\n\t<meta property=\"og:image:width\" content=\"615\" \/>\n\t<meta property=\"og:image:height\" content=\"2972\" \/>\n\t<meta property=\"og:image:type\" content=\"image\/png\" \/>\n<meta name=\"twitter:card\" content=\"summary_large_image\" \/>\n<meta name=\"twitter:label1\" content=\"Dur\u00e9e de lecture estim\u00e9e\" \/>\n\t<meta name=\"twitter:data1\" content=\"2 minutes\" \/>\n<script type=\"application\/ld+json\" class=\"yoast-schema-graph\">{\"@context\":\"https:\/\/schema.org\",\"@graph\":[{\"@type\":\"WebPage\",\"@id\":\"https:\/\/melodic-motion.dance\/index.php\/cours-particuliers\/\",\"url\":\"https:\/\/melodic-motion.dance\/index.php\/cours-particuliers\/\",\"name\":\"Cours particuliers - Melodic Motion\",\"isPartOf\":{\"@id\":\"https:\/\/melodic-motion.dance\/#website\"},\"primaryImageOfPage\":{\"@id\":\"https:\/\/melodic-motion.dance\/index.php\/cours-particuliers\/#primaryimage\"},\"image\":{\"@id\":\"https:\/\/melodic-motion.dance\/index.php\/cours-particuliers\/#primaryimage\"},\"thumbnailUrl\":\"https:\/\/melodic-motion.dance\/wp-content\/uploads\/2024\/08\/solo_ju_right-212x1024.png\",\"datePublished\":\"2024-08-20T15:22:33+00:00\",\"dateModified\":\"2025-12-17T13:11:53+00:00\",\"breadcrumb\":{\"@id\":\"https:\/\/melodic-motion.dance\/index.php\/cours-particuliers\/#breadcrumb\"},\"inLanguage\":\"fr-FR\",\"potentialAction\":[{\"@type\":\"ReadAction\",\"target\":[\"https:\/\/melodic-motion.dance\/index.php\/cours-particuliers\/\"]}]},{\"@type\":\"ImageObject\",\"inLanguage\":\"fr-FR\",\"@id\":\"https:\/\/melodic-motion.dance\/index.php\/cours-particuliers\/#primaryimage\",\"url\":\"https:\/\/melodic-motion.dance\/wp-content\/uploads\/2024\/08\/solo_ju_right.png\",\"contentUrl\":\"https:\/\/melodic-motion.dance\/wp-content\/uploads\/2024\/08\/solo_ju_right.png\",\"width\":615,\"height\":2972},{\"@type\":\"BreadcrumbList\",\"@id\":\"https:\/\/melodic-motion.dance\/index.php\/cours-particuliers\/#breadcrumb\",\"itemListElement\":[{\"@type\":\"ListItem\",\"position\":1,\"name\":\"Accueil\",\"item\":\"https:\/\/melodic-motion.dance\/\"},{\"@type\":\"ListItem\",\"position\":2,\"name\":\"Cours particuliers\"}]},{\"@type\":\"WebSite\",\"@id\":\"https:\/\/melodic-motion.dance\/#website\",\"url\":\"https:\/\/melodic-motion.dance\/\",\"name\":\"Melodic Motion\",\"description\":\"Danser \u00e0 deux sur des musiques r\u00e9centes\",\"publisher\":{\"@id\":\"https:\/\/melodic-motion.dance\/#organization\"},\"potentialAction\":[{\"@type\":\"SearchAction\",\"target\":{\"@type\":\"EntryPoint\",\"urlTemplate\":\"https:\/\/melodic-motion.dance\/?s={search_term_string}\"},\"query-input\":{\"@type\":\"PropertyValueSpecification\",\"valueRequired\":true,\"valueName\":\"search_term_string\"}}],\"inLanguage\":\"fr-FR\"},{\"@type\":\"Organization\",\"@id\":\"https:\/\/melodic-motion.dance\/#organization\",\"name\":\"Melodic Motion\",\"url\":\"https:\/\/melodic-motion.dance\/\",\"logo\":{\"@type\":\"ImageObject\",\"inLanguage\":\"fr-FR\",\"@id\":\"https:\/\/melodic-motion.dance\/#\/schema\/logo\/image\/\",\"url\":\"https:\/\/melodic-motion.dance\/wp-content\/uploads\/2024\/07\/cropped-log_complet_site.png\",\"contentUrl\":\"https:\/\/melodic-motion.dance\/wp-content\/uploads\/2024\/07\/cropped-log_complet_site.png\",\"width\":494,\"height\":194,\"caption\":\"Melodic Motion\"},\"image\":{\"@id\":\"https:\/\/melodic-motion.dance\/#\/schema\/logo\/image\/\"},\"sameAs\":[\"https:\/\/www.facebook.com\/profile.php?id=61564964854249\"]}]}<\/script>\n<!-- \/ Yoast SEO plugin. -->","yoast_head_json":{"title":"Cours particuliers - Melodic Motion","robots":{"index":"index","follow":"follow","max-snippet":"max-snippet:-1","max-image-preview":"max-image-preview:large","max-video-preview":"max-video-preview:-1"},"canonical":"https:\/\/melodic-motion.dance\/index.php\/cours-particuliers\/","og_locale":"fr_FR","og_type":"article","og_title":"Cours particuliers - Melodic Motion","og_description":"Pourquoi des cours particuliers ? Les cours particuliers sont l&rsquo;occasion de se focaliser sur vous et sur votre danse. Voici des exemples d&rsquo;objectifs de cours possibles : &#8211; Faire un [&hellip;]","og_url":"https:\/\/melodic-motion.dance\/index.php\/cours-particuliers\/","og_site_name":"Melodic Motion","article_publisher":"https:\/\/www.facebook.com\/profile.php?id=61564964854249","article_modified_time":"2025-12-17T13:11:53+00:00","og_image":[{"width":615,"height":2972,"url":"https:\/\/melodic-motion.dance\/wp-content\/uploads\/2024\/08\/solo_ju_right.png","type":"image\/png"}],"twitter_card":"summary_large_image","twitter_misc":{"Dur\u00e9e de lecture estim\u00e9e":"2 minutes"},"schema":{"@context":"https:\/\/schema.org","@graph":[{"@type":"WebPage","@id":"https:\/\/melodic-motion.dance\/index.php\/cours-particuliers\/","url":"https:\/\/melodic-motion.dance\/index.php\/cours-particuliers\/","name":"Cours particuliers - Melodic Motion","isPartOf":{"@id":"https:\/\/melodic-motion.dance\/#website"},"primaryImageOfPage":{"@id":"https:\/\/melodic-motion.dance\/index.php\/cours-particuliers\/#primaryimage"},"image":{"@id":"https:\/\/melodic-motion.dance\/index.php\/cours-particuliers\/#primaryimage"},"thumbnailUrl":"https:\/\/melodic-motion.dance\/wp-content\/uploads\/2024\/08\/solo_ju_right-212x1024.png","datePublished":"2024-08-20T15:22:33+00:00","dateModified":"2025-12-17T13:11:53+00:00","breadcrumb":{"@id":"https:\/\/melodic-motion.dance\/index.php\/cours-particuliers\/#breadcrumb"},"inLanguage":"fr-FR","potentialAction":[{"@type":"ReadAction","target":["https:\/\/melodic-motion.dance\/index.php\/cours-particuliers\/"]}]},{"@type":"ImageObject","inLanguage":"fr-FR","@id":"https:\/\/melodic-motion.dance\/index.php\/cours-particuliers\/#primaryimage","url":"https:\/\/melodic-motion.dance\/wp-content\/uploads\/2024\/08\/solo_ju_right.png","contentUrl":"https:\/\/melodic-motion.dance\/wp-content\/uploads\/2024\/08\/solo_ju_right.png","width":615,"height":2972},{"@type":"BreadcrumbList","@id":"https:\/\/melodic-motion.dance\/index.php\/cours-particuliers\/#breadcrumb","itemListElement":[{"@type":"ListItem","position":1,"name":"Accueil","item":"https:\/\/melodic-motion.dance\/"},{"@type":"ListItem","position":2,"name":"Cours particuliers"}]},{"@type":"WebSite","@id":"https:\/\/melodic-motion.dance\/#website","url":"https:\/\/melodic-motion.dance\/","name":"Melodic Motion","description":"Danser \u00e0 deux sur des musiques r\u00e9centes","publisher":{"@id":"https:\/\/melodic-motion.dance\/#organization"},"potentialAction":[{"@type":"SearchAction","target":{"@type":"EntryPoint","urlTemplate":"https:\/\/melodic-motion.dance\/?s={search_term_string}"},"query-input":{"@type":"PropertyValueSpecification","valueRequired":true,"valueName":"search_term_string"}}],"inLanguage":"fr-FR"},{"@type":"Organization","@id":"https:\/\/melodic-motion.dance\/#organization","name":"Melodic Motion","url":"https:\/\/melodic-motion.dance\/","logo":{"@type":"ImageObject","inLanguage":"fr-FR","@id":"https:\/\/melodic-motion.dance\/#\/schema\/logo\/image\/","url":"https:\/\/melodic-motion.dance\/wp-content\/uploads\/2024\/07\/cropped-log_complet_site.png","contentUrl":"https:\/\/melodic-motion.dance\/wp-content\/uploads\/2024\/07\/cropped-log_complet_site.png","width":494,"height":194,"caption":"Melodic Motion"},"image":{"@id":"https:\/\/melodic-motion.dance\/#\/schema\/logo\/image\/"},"sameAs":["https:\/\/www.facebook.com\/profile.php?id=61564964854249"]}]}},"ticketed":false,"_links":{"self":[{"href":"https:\/\/melodic-motion.dance\/index.php\/wp-json\/wp\/v2\/pages\/65"}],"collection":[{"href":"https:\/\/melodic-motion.dance\/index.php\/wp-json\/wp\/v2\/pages"}],"about":[{"href":"https:\/\/melodic-motion.dance\/index.php\/wp-json\/wp\/v2\/types\/page"}],"author":[{"embeddable":true,"href":"https:\/\/melodic-motion.dance\/index.php\/wp-json\/wp\/v2\/users\/1"}],"replies":[{"embeddable":true,"href":"https:\/\/melodic-motion.dance\/index.php\/wp-json\/wp\/v2\/comments?post=65"}],"version-history":[{"count":9,"href":"https:\/\/melodic-motion.dance\/index.php\/wp-json\/wp\/v2\/pages\/65\/revisions"}],"predecessor-version":[{"id":845,"href":"https:\/\/melodic-motion.dance\/index.php\/wp-json\/wp\/v2\/pages\/65\/revisions\/845"}],"wp:attachment":[{"href":"https:\/\/melodic-motion.dance\/index.php\/wp-json\/wp\/v2\/media?parent=65"}],"curies":[{"name":"wp","href":"https:\/\/api.w.org\/{rel}","templated":true}]}}