{"id":89,"date":"2024-08-20T17:55:41","date_gmt":"2024-08-20T15:55:41","guid":{"rendered":"https:\/\/melodic-motion.dance\/?page_id=89"},"modified":"2025-06-25T11:35:39","modified_gmt":"2025-06-25T09:35:39","slug":"cours-collectifs","status":"publish","type":"page","link":"https:\/\/melodic-motion.dance\/index.php\/cours-collectifs\/","title":{"rendered":"Cours collectifs"},"content":{"rendered":"\n<div class=\"wp-block-columns white-column is-layout-flex wp-container-core-columns-is-layout-1 wp-block-columns-is-layout-flex\">\n<div class=\"wp-block-column is-layout-flow wp-block-column-is-layout-flow\" style=\"flex-basis:33.33%\">\n<figure class=\"wp-block-image size-large\"><img loading=\"lazy\" decoding=\"async\" width=\"530\" height=\"1024\" src=\"https:\/\/melodic-motion.dance\/wp-content\/uploads\/2024\/08\/photo_duo_transparent-530x1024.png\" alt=\"\" class=\"wp-image-129\" srcset=\"https:\/\/melodic-motion.dance\/wp-content\/uploads\/2024\/08\/photo_duo_transparent-530x1024.png 530w, https:\/\/melodic-motion.dance\/wp-content\/uploads\/2024\/08\/photo_duo_transparent-155x300.png 155w, https:\/\/melodic-motion.dance\/wp-content\/uploads\/2024\/08\/photo_duo_transparent-768x1485.png 768w, https:\/\/melodic-motion.dance\/wp-content\/uploads\/2024\/08\/photo_duo_transparent-795x1536.png 795w, https:\/\/melodic-motion.dance\/wp-content\/uploads\/2024\/08\/photo_duo_transparent-1059x2048.png 1059w, https:\/\/melodic-motion.dance\/wp-content\/uploads\/2024\/08\/photo_duo_transparent-1200x2320.png 1200w, https:\/\/melodic-motion.dance\/wp-content\/uploads\/2024\/08\/photo_duo_transparent.png 1839w\" sizes=\"(max-width: 530px) 100vw, 530px\" \/><\/figure>\n<\/div>\n\n\n\n<div class=\"wp-block-column is-layout-flow wp-block-column-is-layout-flow\" style=\"flex-basis:66.66%\">\n<p>Cl\u00e9mence et Julien sont deux danseurs exp\u00e9riment\u00e9s et passionn\u00e9s de West Coast Swing. Souriants et chaleureux, ils animeront des cours de West Coast Swing \u00e0 la rentr\u00e9e. Venez d\u00e9couvrir une danse moderne qui se danse sur de nombreux styles musicaux et qui laisse beaucoup de place \u00e0 la libert\u00e9 et la cr\u00e9ativit\u00e9.  L&rsquo;enseignement de Cl\u00e9mence et Julien se veut interactif et convivial afin de vous accompagner de mani\u00e8re personnalis\u00e9e dans votre progression.<br><br><strong>Retrouvez Cl\u00e9mence et Julien tous les mardis :<\/strong><br>19h50-20h50<br><em>Niveau Interm\u00e9diaire<\/em><br>20h50-21h50<br><em>Niveau D\u00e9butant<\/em><br><br><em>11 Chemin de Bordeblanques<br>31770 Colomiers<\/em><br><a href=\"https:\/\/revededanse.wixsite.com\/monsite\/\">Association R\u00eave de danse<\/a><\/p>\n\n\n\n<p>Le cours d\u00e9butant se concentre sur l&rsquo;apprentissage des bases pour pouvoir vous amuser rapidement en soir\u00e9e. Il est accessible \u00e0 tous.<\/p>\n\n\n\n<p>Le cours interm\u00e9diaire s\u2019adresse aux danseurs qui pratique depuis 1 an ou plus. L&rsquo;apprentissage se concentre sur la diversification des passes de base et la musicalit\u00e9.<\/p>\n\n\n\n<p>Bonus&nbsp;: Cl\u00e9mence et Julien sont \u00e0 l&rsquo;aise en tant que danseur dans les deux r\u00f4les (leader\/follower) et adorent inverser les r\u00f4les pendant leur danse pour jouer avec la musique. Ils seront \u00e0 m\u00eame de vous aider quelque-soit le r\u00f4le que vous choisissez.<\/p>\n<\/div>\n<\/div>\n","protected":false},"excerpt":{"rendered":"<p>Cl\u00e9mence et Julien sont deux danseurs exp\u00e9riment\u00e9s et passionn\u00e9s de West Coast Swing. Souriants et chaleureux, ils animeront des cours de West Coast Swing \u00e0 la rentr\u00e9e. Venez d\u00e9couvrir une [&hellip;]<\/p>\n","protected":false},"author":1,"featured_media":0,"parent":0,"menu_order":0,"comment_status":"closed","ping_status":"closed","template":"","meta":{"_price":"","_stock":"","_tribe_ticket_header":"","_tribe_default_ticket_provider":"","_tribe_ticket_capacity":"0","_ticket_start_date":"","_ticket_end_date":"","_tribe_ticket_show_description":"","_tribe_ticket_show_not_going":false,"_tribe_ticket_use_global_stock":"","_tribe_ticket_global_stock_level":"","_global_stock_mode":"","_global_stock_cap":"","_tribe_rsvp_for_event":"","_tribe_ticket_going_count":"","_tribe_ticket_not_going_count":"","_tribe_tickets_list":"[]","_tribe_ticket_has_attendee_info_fields":false,"footnotes":""},"class_list":["post-89","page","type-page","status-publish","hentry"],"yoast_head":"<!-- This site is optimized with the Yoast SEO plugin v23.7 - https:\/\/yoast.com\/wordpress\/plugins\/seo\/ -->\n<title>Cours collectifs - Melodic Motion<\/title>\n<meta name=\"robots\" content=\"index, follow, max-snippet:-1, max-image-preview:large, max-video-preview:-1\" \/>\n<link rel=\"canonical\" href=\"https:\/\/melodic-motion.dance\/index.php\/cours-collectifs\/\" \/>\n<meta property=\"og:locale\" content=\"fr_FR\" \/>\n<meta property=\"og:type\" content=\"article\" \/>\n<meta property=\"og:title\" content=\"Cours collectifs - Melodic Motion\" \/>\n<meta property=\"og:description\" content=\"Cl\u00e9mence et Julien sont deux danseurs exp\u00e9riment\u00e9s et passionn\u00e9s de West Coast Swing. Souriants et chaleureux, ils animeront des cours de West Coast Swing \u00e0 la rentr\u00e9e. Venez d\u00e9couvrir une [&hellip;]\" \/>\n<meta property=\"og:url\" content=\"https:\/\/melodic-motion.dance\/index.php\/cours-collectifs\/\" \/>\n<meta property=\"og:site_name\" content=\"Melodic Motion\" \/>\n<meta property=\"article:publisher\" content=\"https:\/\/www.facebook.com\/profile.php?id=61564964854249\" \/>\n<meta property=\"article:modified_time\" content=\"2025-06-25T09:35:39+00:00\" \/>\n<meta property=\"og:image\" content=\"http:\/\/melodic-motion.dance\/wp-content\/uploads\/2024\/08\/photo_duo_transparent_thumbnail.png\" \/>\n\t<meta property=\"og:image:width\" content=\"1414\" \/>\n\t<meta property=\"og:image:height\" content=\"980\" \/>\n\t<meta property=\"og:image:type\" content=\"image\/png\" \/>\n<meta name=\"twitter:card\" content=\"summary_large_image\" \/>\n<meta name=\"twitter:image\" content=\"https:\/\/melodic-motion.dance\/wp-content\/uploads\/2024\/08\/photo_duo_transparent_thumbnail.png\" \/>\n<meta name=\"twitter:label1\" content=\"Dur\u00e9e de lecture estim\u00e9e\" \/>\n\t<meta name=\"twitter:data1\" content=\"2 minutes\" \/>\n<script type=\"application\/ld+json\" class=\"yoast-schema-graph\">{\"@context\":\"https:\/\/schema.org\",\"@graph\":[{\"@type\":\"WebPage\",\"@id\":\"https:\/\/melodic-motion.dance\/index.php\/cours-collectifs\/\",\"url\":\"https:\/\/melodic-motion.dance\/index.php\/cours-collectifs\/\",\"name\":\"Cours collectifs - Melodic Motion\",\"isPartOf\":{\"@id\":\"https:\/\/melodic-motion.dance\/#website\"},\"primaryImageOfPage\":{\"@id\":\"https:\/\/melodic-motion.dance\/index.php\/cours-collectifs\/#primaryimage\"},\"image\":{\"@id\":\"https:\/\/melodic-motion.dance\/index.php\/cours-collectifs\/#primaryimage\"},\"thumbnailUrl\":\"https:\/\/melodic-motion.dance\/wp-content\/uploads\/2024\/08\/photo_duo_transparent-530x1024.png\",\"datePublished\":\"2024-08-20T15:55:41+00:00\",\"dateModified\":\"2025-06-25T09:35:39+00:00\",\"breadcrumb\":{\"@id\":\"https:\/\/melodic-motion.dance\/index.php\/cours-collectifs\/#breadcrumb\"},\"inLanguage\":\"fr-FR\",\"potentialAction\":[{\"@type\":\"ReadAction\",\"target\":[\"https:\/\/melodic-motion.dance\/index.php\/cours-collectifs\/\"]}]},{\"@type\":\"ImageObject\",\"inLanguage\":\"fr-FR\",\"@id\":\"https:\/\/melodic-motion.dance\/index.php\/cours-collectifs\/#primaryimage\",\"url\":\"https:\/\/melodic-motion.dance\/wp-content\/uploads\/2024\/08\/photo_duo_transparent.png\",\"contentUrl\":\"https:\/\/melodic-motion.dance\/wp-content\/uploads\/2024\/08\/photo_duo_transparent.png\",\"width\":1839,\"height\":3555,\"caption\":\"Portrait de Julien et Cl\u00e9mence\"},{\"@type\":\"BreadcrumbList\",\"@id\":\"https:\/\/melodic-motion.dance\/index.php\/cours-collectifs\/#breadcrumb\",\"itemListElement\":[{\"@type\":\"ListItem\",\"position\":1,\"name\":\"Accueil\",\"item\":\"https:\/\/melodic-motion.dance\/\"},{\"@type\":\"ListItem\",\"position\":2,\"name\":\"Cours collectifs\"}]},{\"@type\":\"WebSite\",\"@id\":\"https:\/\/melodic-motion.dance\/#website\",\"url\":\"https:\/\/melodic-motion.dance\/\",\"name\":\"Melodic Motion\",\"description\":\"Danser \u00e0 deux sur des musiques r\u00e9centes\",\"publisher\":{\"@id\":\"https:\/\/melodic-motion.dance\/#organization\"},\"potentialAction\":[{\"@type\":\"SearchAction\",\"target\":{\"@type\":\"EntryPoint\",\"urlTemplate\":\"https:\/\/melodic-motion.dance\/?s={search_term_string}\"},\"query-input\":{\"@type\":\"PropertyValueSpecification\",\"valueRequired\":true,\"valueName\":\"search_term_string\"}}],\"inLanguage\":\"fr-FR\"},{\"@type\":\"Organization\",\"@id\":\"https:\/\/melodic-motion.dance\/#organization\",\"name\":\"Melodic Motion\",\"url\":\"https:\/\/melodic-motion.dance\/\",\"logo\":{\"@type\":\"ImageObject\",\"inLanguage\":\"fr-FR\",\"@id\":\"https:\/\/melodic-motion.dance\/#\/schema\/logo\/image\/\",\"url\":\"https:\/\/melodic-motion.dance\/wp-content\/uploads\/2024\/07\/cropped-log_complet_site.png\",\"contentUrl\":\"https:\/\/melodic-motion.dance\/wp-content\/uploads\/2024\/07\/cropped-log_complet_site.png\",\"width\":494,\"height\":194,\"caption\":\"Melodic Motion\"},\"image\":{\"@id\":\"https:\/\/melodic-motion.dance\/#\/schema\/logo\/image\/\"},\"sameAs\":[\"https:\/\/www.facebook.com\/profile.php?id=61564964854249\"]}]}<\/script>\n<!-- \/ Yoast SEO plugin. -->","yoast_head_json":{"title":"Cours collectifs - Melodic Motion","robots":{"index":"index","follow":"follow","max-snippet":"max-snippet:-1","max-image-preview":"max-image-preview:large","max-video-preview":"max-video-preview:-1"},"canonical":"https:\/\/melodic-motion.dance\/index.php\/cours-collectifs\/","og_locale":"fr_FR","og_type":"article","og_title":"Cours collectifs - Melodic Motion","og_description":"Cl\u00e9mence et Julien sont deux danseurs exp\u00e9riment\u00e9s et passionn\u00e9s de West Coast Swing. Souriants et chaleureux, ils animeront des cours de West Coast Swing \u00e0 la rentr\u00e9e. Venez d\u00e9couvrir une [&hellip;]","og_url":"https:\/\/melodic-motion.dance\/index.php\/cours-collectifs\/","og_site_name":"Melodic Motion","article_publisher":"https:\/\/www.facebook.com\/profile.php?id=61564964854249","article_modified_time":"2025-06-25T09:35:39+00:00","og_image":[{"width":1414,"height":980,"url":"http:\/\/melodic-motion.dance\/wp-content\/uploads\/2024\/08\/photo_duo_transparent_thumbnail.png","type":"image\/png"}],"twitter_card":"summary_large_image","twitter_image":"https:\/\/melodic-motion.dance\/wp-content\/uploads\/2024\/08\/photo_duo_transparent_thumbnail.png","twitter_misc":{"Dur\u00e9e de lecture estim\u00e9e":"2 minutes"},"schema":{"@context":"https:\/\/schema.org","@graph":[{"@type":"WebPage","@id":"https:\/\/melodic-motion.dance\/index.php\/cours-collectifs\/","url":"https:\/\/melodic-motion.dance\/index.php\/cours-collectifs\/","name":"Cours collectifs - Melodic Motion","isPartOf":{"@id":"https:\/\/melodic-motion.dance\/#website"},"primaryImageOfPage":{"@id":"https:\/\/melodic-motion.dance\/index.php\/cours-collectifs\/#primaryimage"},"image":{"@id":"https:\/\/melodic-motion.dance\/index.php\/cours-collectifs\/#primaryimage"},"thumbnailUrl":"https:\/\/melodic-motion.dance\/wp-content\/uploads\/2024\/08\/photo_duo_transparent-530x1024.png","datePublished":"2024-08-20T15:55:41+00:00","dateModified":"2025-06-25T09:35:39+00:00","breadcrumb":{"@id":"https:\/\/melodic-motion.dance\/index.php\/cours-collectifs\/#breadcrumb"},"inLanguage":"fr-FR","potentialAction":[{"@type":"ReadAction","target":["https:\/\/melodic-motion.dance\/index.php\/cours-collectifs\/"]}]},{"@type":"ImageObject","inLanguage":"fr-FR","@id":"https:\/\/melodic-motion.dance\/index.php\/cours-collectifs\/#primaryimage","url":"https:\/\/melodic-motion.dance\/wp-content\/uploads\/2024\/08\/photo_duo_transparent.png","contentUrl":"https:\/\/melodic-motion.dance\/wp-content\/uploads\/2024\/08\/photo_duo_transparent.png","width":1839,"height":3555,"caption":"Portrait de Julien et Cl\u00e9mence"},{"@type":"BreadcrumbList","@id":"https:\/\/melodic-motion.dance\/index.php\/cours-collectifs\/#breadcrumb","itemListElement":[{"@type":"ListItem","position":1,"name":"Accueil","item":"https:\/\/melodic-motion.dance\/"},{"@type":"ListItem","position":2,"name":"Cours collectifs"}]},{"@type":"WebSite","@id":"https:\/\/melodic-motion.dance\/#website","url":"https:\/\/melodic-motion.dance\/","name":"Melodic Motion","description":"Danser \u00e0 deux sur des musiques r\u00e9centes","publisher":{"@id":"https:\/\/melodic-motion.dance\/#organization"},"potentialAction":[{"@type":"SearchAction","target":{"@type":"EntryPoint","urlTemplate":"https:\/\/melodic-motion.dance\/?s={search_term_string}"},"query-input":{"@type":"PropertyValueSpecification","valueRequired":true,"valueName":"search_term_string"}}],"inLanguage":"fr-FR"},{"@type":"Organization","@id":"https:\/\/melodic-motion.dance\/#organization","name":"Melodic Motion","url":"https:\/\/melodic-motion.dance\/","logo":{"@type":"ImageObject","inLanguage":"fr-FR","@id":"https:\/\/melodic-motion.dance\/#\/schema\/logo\/image\/","url":"https:\/\/melodic-motion.dance\/wp-content\/uploads\/2024\/07\/cropped-log_complet_site.png","contentUrl":"https:\/\/melodic-motion.dance\/wp-content\/uploads\/2024\/07\/cropped-log_complet_site.png","width":494,"height":194,"caption":"Melodic Motion"},"image":{"@id":"https:\/\/melodic-motion.dance\/#\/schema\/logo\/image\/"},"sameAs":["https:\/\/www.facebook.com\/profile.php?id=61564964854249"]}]}},"ticketed":false,"_links":{"self":[{"href":"https:\/\/melodic-motion.dance\/index.php\/wp-json\/wp\/v2\/pages\/89"}],"collection":[{"href":"https:\/\/melodic-motion.dance\/index.php\/wp-json\/wp\/v2\/pages"}],"about":[{"href":"https:\/\/melodic-motion.dance\/index.php\/wp-json\/wp\/v2\/types\/page"}],"author":[{"embeddable":true,"href":"https:\/\/melodic-motion.dance\/index.php\/wp-json\/wp\/v2\/users\/1"}],"replies":[{"embeddable":true,"href":"https:\/\/melodic-motion.dance\/index.php\/wp-json\/wp\/v2\/comments?post=89"}],"version-history":[{"count":11,"href":"https:\/\/melodic-motion.dance\/index.php\/wp-json\/wp\/v2\/pages\/89\/revisions"}],"predecessor-version":[{"id":1187,"href":"https:\/\/melodic-motion.dance\/index.php\/wp-json\/wp\/v2\/pages\/89\/revisions\/1187"}],"wp:attachment":[{"href":"https:\/\/melodic-motion.dance\/index.php\/wp-json\/wp\/v2\/media?parent=89"}],"curies":[{"name":"wp","href":"https:\/\/api.w.org\/{rel}","templated":true}]}}